{"id":3184,"date":"2019-01-03T12:42:07","date_gmt":"2019-01-03T12:42:07","guid":{"rendered":"https:\/\/www.gestgid.com\/in-drei-schritten-zu-ihrer-eigenen-app\/"},"modified":"2019-04-12T21:56:27","modified_gmt":"2019-04-12T21:56:27","slug":"in-drei-schritten-zu-ihrer-eigenen-app","status":"publish","type":"page","link":"https:\/\/www.gestgid.com\/fr\/in-drei-schritten-zu-ihrer-eigenen-app\/","title":{"rendered":"In drei Schritten zur eigenen App"},"content":{"rendered":"\t\t<div data-elementor-type=\"wp-post\" data-elementor-id=\"3184\" class=\"elementor elementor-3184 elementor-41\" data-elementor-post-type=\"page\">\n\t\t\t\t\t\t\t\t\t<section class=\"elementor-section elementor-top-section elementor-element elementor-element-2ace613 elementor-section-boxed elementor-section-height-default elementor-section-height-default\" data-id=\"2ace613\" data-element_type=\"section\" data-settings=\"{&quot;background_background&quot;:&quot;classic&quot;}\">\n\t\t\t\t\t\t<div class=\"elementor-container elementor-column-gap-default\">\n\t\t\t\t\t<div class=\"elementor-column elementor-col-100 elementor-top-column elementor-element elementor-element-6452030\" data-id=\"6452030\" data-element_type=\"column\">\n\t\t\t<div class=\"elementor-widget-wrap elementor-element-populated\">\n\t\t\t\t\t\t\t\t<div class=\"elementor-element elementor-element-cd3eb97 elementor-widget elementor-widget-heading\" data-id=\"cd3eb97\" data-element_type=\"widget\" data-widget_type=\"heading.default\">\n\t\t\t\t<div class=\"elementor-widget-container\">\n\t\t\t<h2 class=\"elementor-heading-title elementor-size-default\">3 ETAPES POUR CREER VOTRE PROPRE APP<\/h2>\t\t<\/div>\n\t\t\t\t<\/div>\n\t\t\t\t<div class=\"elementor-element elementor-element-b1611aa elementor-widget elementor-widget-heading\" data-id=\"b1611aa\" data-element_type=\"widget\" data-widget_type=\"heading.default\">\n\t\t\t\t<div class=\"elementor-widget-container\">\n\t\t\t<h2 class=\"elementor-heading-title elementor-size-default\">commencez d\u00e8s \u00e0 pr\u00e9sent<\/h2>\t\t<\/div>\n\t\t\t\t<\/div>\n\t\t\t\t<div class=\"elementor-element elementor-element-929b008 elementor-align-center elementor-widget elementor-widget-button\" data-id=\"929b008\" data-element_type=\"widget\" data-widget_type=\"button.default\">\n\t\t\t\t<div class=\"elementor-widget-container\">\n\t\t\t\t\t<div class=\"elementor-button-wrapper\">\n\t\t\t<a class=\"elementor-button elementor-button-link elementor-size-sm\" href=\"#\">\n\t\t\t\t\t\t<span class=\"elementor-button-content-wrapper\">\n\t\t\t\t\t\t<span class=\"elementor-button-text\">CREEZ VOTRE APPLICATION<\/span>\n\t\t<\/span>\n\t\t\t\t\t<\/a>\n\t\t<\/div>\n\t\t\t\t<\/div>\n\t\t\t\t<\/div>\n\t\t\t\t\t<\/div>\n\t\t<\/div>\n\t\t\t\t\t\t\t<\/div>\n\t\t<\/section>\n\t\t\t\t<section class=\"elementor-section elementor-top-section elementor-element elementor-element-1270cf6 elementor-section-boxed elementor-section-height-default elementor-section-height-default\" data-id=\"1270cf6\" data-element_type=\"section\" data-settings=\"{&quot;background_background&quot;:&quot;classic&quot;}\">\n\t\t\t\t\t\t<div class=\"elementor-container elementor-column-gap-default\">\n\t\t\t\t\t<div class=\"elementor-column elementor-col-50 elementor-top-column elementor-element elementor-element-4446d1e\" data-id=\"4446d1e\" data-element_type=\"column\">\n\t\t\t<div class=\"elementor-widget-wrap elementor-element-populated\">\n\t\t\t\t\t\t\t\t<div class=\"elementor-element elementor-element-bc110ec elementor-widget elementor-widget-image\" data-id=\"bc110ec\" data-element_type=\"widget\" data-widget_type=\"image.default\">\n\t\t\t\t<div class=\"elementor-widget-container\">\n\t\t\t\t\t\t\t\t\t\t\t\t\t\t\t<img fetchpriority=\"high\" width=\"300\" height=\"239\" src=\"https:\/\/www.gestgid.com\/wp-content\/uploads\/sites\/3\/2019\/01\/BHMMS-Hotel-Guide-Konfiguration-300x239.png\" class=\"attachment-large size-large wp-image-38\" alt=\"\" \/>\t\t\t\t\t\t\t\t\t\t\t\t\t\t\t<\/div>\n\t\t\t\t<\/div>\n\t\t\t\t\t<\/div>\n\t\t<\/div>\n\t\t\t\t<div class=\"elementor-column elementor-col-50 elementor-top-column elementor-element elementor-element-70ee83c\" data-id=\"70ee83c\" data-element_type=\"column\">\n\t\t\t<div class=\"elementor-widget-wrap elementor-element-populated\">\n\t\t\t\t\t\t\t\t<div class=\"elementor-element elementor-element-ea56fd9 elementor-widget elementor-widget-heading\" data-id=\"ea56fd9\" data-element_type=\"widget\" data-widget_type=\"heading.default\">\n\t\t\t\t<div class=\"elementor-widget-container\">\n\t\t\t<h2 class=\"elementor-heading-title elementor-size-default\">CONFIGURATION<\/h2>\t\t<\/div>\n\t\t\t\t<\/div>\n\t\t\t\t<div class=\"elementor-element elementor-element-1b996ce elementor-widget elementor-widget-text-editor\" data-id=\"1b996ce\" data-element_type=\"widget\" data-widget_type=\"text-editor.default\">\n\t\t\t\t<div class=\"elementor-widget-container\">\n\t\t\t\t\t\t\t<p><span class=\"tlid-translation translation\" lang=\"fr\"><span title=\"\">Cliquez sur \u00ab\u00a0CREEZ VOTRE APPLICATION\u00a0\u00bb et enregistrez votre \u00e9tablissement.<\/span> <span title=\"\">Dans l&rsquo;administration en ligne, vous pouvez facilement int\u00e9grer tout le contenu dans votre application, t\u00e9l\u00e9charger des photos, envoyer des notifications push et d\u00e9finir des param\u00e8tres d&rsquo;expert.<\/span> <span title=\"\">Quatre fonctions de base vous sont propos\u00e9es et tout le contenu est automatiquement activ\u00e9 dans l&rsquo;application gestgid\u00ae.<\/span> <span title=\"\">D\u00e8s que vous entrez un nouveau contenu, votre application se met \u00e0 jour automatiquement.<\/span> <span title=\"\">Notre \u00e9quipe d&rsquo;assistance vous accompagnera tout\u00a0au long de la proc\u00e9dure de configuration ainsi que pour une \u00e9volution d&rsquo;offre<\/span><\/span>.<\/p>\t\t\t\t\t\t<\/div>\n\t\t\t\t<\/div>\n\t\t\t\t<div class=\"elementor-element elementor-element-5b770e9 elementor-align-center elementor-widget elementor-widget-button\" data-id=\"5b770e9\" data-element_type=\"widget\" data-widget_type=\"button.default\">\n\t\t\t\t<div class=\"elementor-widget-container\">\n\t\t\t\t\t<div class=\"elementor-button-wrapper\">\n\t\t\t<a class=\"elementor-button elementor-button-link elementor-size-sm\" href=\"https:\/\/www.gestgid.com\/in-drei-schritten-zu-ihrer-eigenen-app\/konfiguration-des-gestgid\/\">\n\t\t\t\t\t\t<span class=\"elementor-button-content-wrapper\">\n\t\t\t\t\t\t<span class=\"elementor-button-text\">EN SAVOIR PLUS SUR LA CONFIGURATION<\/span>\n\t\t<\/span>\n\t\t\t\t\t<\/a>\n\t\t<\/div>\n\t\t\t\t<\/div>\n\t\t\t\t<\/div>\n\t\t\t\t\t<\/div>\n\t\t<\/div>\n\t\t\t\t\t\t\t<\/div>\n\t\t<\/section>\n\t\t\t\t<section class=\"elementor-section elementor-top-section elementor-element elementor-element-d3b1abb elementor-section-boxed elementor-section-height-default elementor-section-height-default\" data-id=\"d3b1abb\" data-element_type=\"section\" data-settings=\"{&quot;background_background&quot;:&quot;classic&quot;}\">\n\t\t\t\t\t\t<div class=\"elementor-container elementor-column-gap-default\">\n\t\t\t\t\t<div class=\"elementor-column elementor-col-50 elementor-top-column elementor-element elementor-element-af593b8\" data-id=\"af593b8\" data-element_type=\"column\">\n\t\t\t<div class=\"elementor-widget-wrap elementor-element-populated\">\n\t\t\t\t\t\t\t\t<div class=\"elementor-element elementor-element-7a0ebf6 elementor-widget elementor-widget-heading\" data-id=\"7a0ebf6\" data-element_type=\"widget\" data-widget_type=\"heading.default\">\n\t\t\t\t<div class=\"elementor-widget-container\">\n\t\t\t<h2 class=\"elementor-heading-title elementor-size-default\">PROMOUVOIR<\/h2>\t\t<\/div>\n\t\t\t\t<\/div>\n\t\t\t\t<div class=\"elementor-element elementor-element-0a4ff85 elementor-widget elementor-widget-text-editor\" data-id=\"0a4ff85\" data-element_type=\"widget\" data-widget_type=\"text-editor.default\">\n\t\t\t\t<div class=\"elementor-widget-container\">\n\t\t\t\t\t\t\t<p><span class=\"tlid-translation translation\" lang=\"fr\"><span title=\"\">Votre application est maintenant disponible sur l&rsquo;App Store et peut \u00eatre t\u00e9l\u00e9charg\u00e9e par vos clients.<\/span> <span title=\"\">Activez la communication de votre App localement et sur votre page d&rsquo;accueil.<\/span> <span title=\"\">Profitez de chaque canal pour amener vos clients \u00e0 ce nouveau service.<\/span> <span title=\"\">Nous vous recommandons de concevoir des d\u00e9pliants, d&rsquo;informer vos clients lors de l&rsquo;enregistrement et d&rsquo;inclure les ic\u00f4nes \u00ab\u00a0App Store\u00a0\u00bb et \u00ab\u00a0Google play\u00a0\u00bb dans un lien direct qui renvoit vers votre page d&rsquo;accueil et la page de connexion Wi-Fi de vos clients.<\/span> <span title=\"\">Plus vous communiquez, plus vous obtiendrez de t\u00e9l\u00e9chargements<\/span><\/span>.<\/p>\t\t\t\t\t\t<\/div>\n\t\t\t\t<\/div>\n\t\t\t\t<div class=\"elementor-element elementor-element-dc32844 elementor-align-center elementor-widget elementor-widget-button\" data-id=\"dc32844\" data-element_type=\"widget\" data-widget_type=\"button.default\">\n\t\t\t\t<div class=\"elementor-widget-container\">\n\t\t\t\t\t<div class=\"elementor-button-wrapper\">\n\t\t\t<a class=\"elementor-button elementor-button-link elementor-size-sm\" href=\"https:\/\/www.gestgid.com\/in-drei-schritten-zu-ihrer-eigenen-app\/vermarktung-des-gestgid\/\">\n\t\t\t\t\t\t<span class=\"elementor-button-content-wrapper\">\n\t\t\t\t\t\t<span class=\"elementor-button-text\">EN SAVOIR PLUS SUR LA PROMOTION<\/span>\n\t\t<\/span>\n\t\t\t\t\t<\/a>\n\t\t<\/div>\n\t\t\t\t<\/div>\n\t\t\t\t<\/div>\n\t\t\t\t\t<\/div>\n\t\t<\/div>\n\t\t\t\t<div class=\"elementor-column elementor-col-50 elementor-top-column elementor-element elementor-element-7e455c1\" data-id=\"7e455c1\" data-element_type=\"column\">\n\t\t\t<div class=\"elementor-widget-wrap elementor-element-populated\">\n\t\t\t\t\t\t\t\t<div class=\"elementor-element elementor-element-2dc281f elementor-widget elementor-widget-image\" data-id=\"2dc281f\" data-element_type=\"widget\" data-widget_type=\"image.default\">\n\t\t\t\t<div class=\"elementor-widget-container\">\n\t\t\t\t\t\t\t\t\t\t\t\t\t\t\t<img width=\"768\" height=\"768\" src=\"https:\/\/www.gestgid.com\/wp-content\/uploads\/sites\/3\/2019\/01\/Aufsteller-768x768.png\" class=\"attachment-medium_large size-medium_large wp-image-45\" alt=\"\" srcset=\"https:\/\/www.gestgid.com\/wp-content\/uploads\/sites\/3\/2019\/01\/Aufsteller-768x768.png 768w, https:\/\/www.gestgid.com\/wp-content\/uploads\/sites\/3\/2019\/01\/Aufsteller-150x150.png 150w, https:\/\/www.gestgid.com\/wp-content\/uploads\/sites\/3\/2019\/01\/Aufsteller-300x300.png 300w, https:\/\/www.gestgid.com\/wp-content\/uploads\/sites\/3\/2019\/01\/Aufsteller.png 1000w\" sizes=\"(max-width: 768px) 100vw, 768px\" \/>\t\t\t\t\t\t\t\t\t\t\t\t\t\t\t<\/div>\n\t\t\t\t<\/div>\n\t\t\t\t\t<\/div>\n\t\t<\/div>\n\t\t\t\t\t\t\t<\/div>\n\t\t<\/section>\n\t\t\t\t<section class=\"elementor-section elementor-top-section elementor-element elementor-element-6209146 elementor-section-boxed elementor-section-height-default elementor-section-height-default\" data-id=\"6209146\" data-element_type=\"section\" data-settings=\"{&quot;background_background&quot;:&quot;classic&quot;}\">\n\t\t\t\t\t\t<div class=\"elementor-container elementor-column-gap-default\">\n\t\t\t\t\t<div class=\"elementor-column elementor-col-50 elementor-top-column elementor-element elementor-element-6be887e\" data-id=\"6be887e\" data-element_type=\"column\">\n\t\t\t<div class=\"elementor-widget-wrap elementor-element-populated\">\n\t\t\t\t\t\t\t\t<div class=\"elementor-element elementor-element-bda3315 elementor-widget elementor-widget-image\" data-id=\"bda3315\" data-element_type=\"widget\" data-widget_type=\"image.default\">\n\t\t\t\t<div class=\"elementor-widget-container\">\n\t\t\t\t\t\t\t\t\t\t\t\t\t\t\t<img width=\"768\" height=\"768\" src=\"https:\/\/www.gestgid.com\/wp-content\/uploads\/sites\/3\/2018\/12\/BHMMS-Hotel-Guide-Push-Nachricht1-768x768.png\" class=\"attachment-medium_large size-medium_large wp-image-17\" alt=\"\" srcset=\"https:\/\/www.gestgid.com\/wp-content\/uploads\/sites\/3\/2018\/12\/BHMMS-Hotel-Guide-Push-Nachricht1-768x768.png 768w, https:\/\/www.gestgid.com\/wp-content\/uploads\/sites\/3\/2018\/12\/BHMMS-Hotel-Guide-Push-Nachricht1-150x150.png 150w, https:\/\/www.gestgid.com\/wp-content\/uploads\/sites\/3\/2018\/12\/BHMMS-Hotel-Guide-Push-Nachricht1-300x300.png 300w, https:\/\/www.gestgid.com\/wp-content\/uploads\/sites\/3\/2018\/12\/BHMMS-Hotel-Guide-Push-Nachricht1.png 1000w\" sizes=\"(max-width: 768px) 100vw, 768px\" \/>\t\t\t\t\t\t\t\t\t\t\t\t\t\t\t<\/div>\n\t\t\t\t<\/div>\n\t\t\t\t\t<\/div>\n\t\t<\/div>\n\t\t\t\t<div class=\"elementor-column elementor-col-50 elementor-top-column elementor-element elementor-element-64cbcae\" data-id=\"64cbcae\" data-element_type=\"column\">\n\t\t\t<div class=\"elementor-widget-wrap elementor-element-populated\">\n\t\t\t\t\t\t\t\t<div class=\"elementor-element elementor-element-4490fd6 elementor-widget elementor-widget-heading\" data-id=\"4490fd6\" data-element_type=\"widget\" data-widget_type=\"heading.default\">\n\t\t\t\t<div class=\"elementor-widget-container\">\n\t\t\t<h2 class=\"elementor-heading-title elementor-size-default\">INTERAGIR<\/h2>\t\t<\/div>\n\t\t\t\t<\/div>\n\t\t\t\t<div class=\"elementor-element elementor-element-7667a7c elementor-widget elementor-widget-text-editor\" data-id=\"7667a7c\" data-element_type=\"widget\" data-widget_type=\"text-editor.default\">\n\t\t\t\t<div class=\"elementor-widget-container\">\n\t\t\t\t\t\t\t<div class=\"result-shield-container tlid-copy-target\" tabindex=\"0\"><span class=\"tlid-translation translation\" lang=\"fr\"><span title=\"\">A pr\u00e9sent, vos clients ont t\u00e9l\u00e9charg\u00e9 votre nouvelle application et peuvent en savoir plus sur votre \u00e9tablissement.<\/span> <span title=\"\">Vous avez maintenant la possibilit\u00e9 d&rsquo;interagir avec eux.<\/span> <span title=\"\">T\u00e9l\u00e9chargez une offre promotionnelle dans votre application et mettez en avant vos services que ce soit sur votre Parking, votre Bar\/Restaurant ou bien votre<\/span><span title=\"\"> SPA.<\/span> Vous pouvez \u00e9galement communiquer avec des clients qui ne s\u00e9journent plus dans votre \u00e9tablissement.\u00a0<span title=\"\">Envoyer par exemple une notification push<\/span><span title=\"\">\u00a0avec une promotion sur leur prochain s\u00e9jour directement via l&rsquo;application.<\/span><\/span><\/div>\t\t\t\t\t\t<\/div>\n\t\t\t\t<\/div>\n\t\t\t\t<div class=\"elementor-element elementor-element-9ff5a51 elementor-align-center elementor-widget elementor-widget-button\" data-id=\"9ff5a51\" data-element_type=\"widget\" data-widget_type=\"button.default\">\n\t\t\t\t<div class=\"elementor-widget-container\">\n\t\t\t\t\t<div class=\"elementor-button-wrapper\">\n\t\t\t<a class=\"elementor-button elementor-button-link elementor-size-sm\" href=\"https:\/\/www.gestgid.com\/in-drei-schritten-zu-ihrer-eigenen-app\/interaktion-mit-dem-gestgid\/\">\n\t\t\t\t\t\t<span class=\"elementor-button-content-wrapper\">\n\t\t\t\t\t\t<span class=\"elementor-button-text\">EN SAVOIR PLUS SUR L'INTERACTION AVEC LES CLIENTS<\/span>\n\t\t<\/span>\n\t\t\t\t\t<\/a>\n\t\t<\/div>\n\t\t\t\t<\/div>\n\t\t\t\t<\/div>\n\t\t\t\t\t<\/div>\n\t\t<\/div>\n\t\t\t\t\t\t\t<\/div>\n\t\t<\/section>\n\t\t\t\t\t\t\t<\/div>\n\t\t","protected":false},"excerpt":{"rendered":"<p>3 ETAPES POUR CREER VOTRE PROPRE APP commencez d\u00e8s \u00e0 pr\u00e9sent CREEZ VOTRE APPLICATION CONFIGURATION Cliquez sur \u00ab\u00a0CREEZ VOTRE APPLICATION\u00a0\u00bb et enregistrez votre \u00e9tablissement. Dans l&rsquo;administration en ligne, vous pouvez facilement int\u00e9grer tout le contenu dans votre application, t\u00e9l\u00e9charger des photos, envoyer des notifications push et d\u00e9finir des param\u00e8tres d&rsquo;expert. Quatre fonctions de base vous &hellip;<\/p>\n<p class=\"read-more\"> <a class=\"\" href=\"https:\/\/www.gestgid.com\/fr\/in-drei-schritten-zu-ihrer-eigenen-app\/\"> <span class=\"screen-reader-text\">In drei Schritten zur eigenen App<\/span> Lire la suite\u00a0\u00bb<\/a><\/p>\n","protected":false},"author":2,"featured_media":0,"parent":0,"menu_order":0,"comment_status":"closed","ping_status":"closed","template":"","meta":{"site-sidebar-layout":"no-sidebar","site-content-layout":"page-builder","ast-global-header-display":"","ast-main-header-display":"","ast-hfb-above-header-display":"","ast-hfb-below-header-display":"","ast-hfb-mobile-header-display":"","site-post-title":"disabled","ast-breadcrumbs-content":"","ast-featured-img":"disabled","footer-sml-layout":"","theme-transparent-header-meta":"","adv-header-id-meta":"","stick-header-meta":"","header-above-stick-meta":"","header-main-stick-meta":"","header-below-stick-meta":""},"yoast_head":"<!-- This site is optimized with the Yoast SEO plugin v20.2.1 - https:\/\/yoast.com\/wordpress\/plugins\/seo\/ -->\n<title>In drei Schritten zur eigenen App - gestgid<\/title>\n<meta name=\"robots\" content=\"index, follow, max-snippet:-1, max-image-preview:large, max-video-preview:-1\" \/>\n<link rel=\"canonical\" href=\"https:\/\/www.gestgid.com\/fr\/in-drei-schritten-zu-ihrer-eigenen-app\/\" \/>\n<meta property=\"og:locale\" content=\"fr_FR\" \/>\n<meta property=\"og:type\" content=\"article\" \/>\n<meta property=\"og:title\" content=\"In drei Schritten zur eigenen App - gestgid\" \/>\n<meta property=\"og:description\" content=\"3 ETAPES POUR CREER VOTRE PROPRE APP commencez d\u00e8s \u00e0 pr\u00e9sent CREEZ VOTRE APPLICATION CONFIGURATION Cliquez sur \u00ab\u00a0CREEZ VOTRE APPLICATION\u00a0\u00bb et enregistrez votre \u00e9tablissement. Dans l&rsquo;administration en ligne, vous pouvez facilement int\u00e9grer tout le contenu dans votre application, t\u00e9l\u00e9charger des photos, envoyer des notifications push et d\u00e9finir des param\u00e8tres d&rsquo;expert. Quatre fonctions de base vous &hellip; In drei Schritten zur eigenen App Lire la suite\u00a0\u00bb\" \/>\n<meta property=\"og:url\" content=\"https:\/\/www.gestgid.com\/fr\/in-drei-schritten-zu-ihrer-eigenen-app\/\" \/>\n<meta property=\"og:site_name\" content=\"gestgid\" \/>\n<meta property=\"article:modified_time\" content=\"2019-04-12T21:56:27+00:00\" \/>\n<meta property=\"og:image\" content=\"https:\/\/www.gestgid.com\/wp-content\/uploads\/sites\/3\/2019\/01\/BHMMS-Hotel-Guide-Konfiguration-300x239.png\" \/>\n<meta name=\"twitter:card\" content=\"summary_large_image\" \/>\n<meta name=\"twitter:label1\" content=\"Dur\u00e9e de lecture estim\u00e9e\" \/>\n\t<meta name=\"twitter:data1\" content=\"2 minutes\" \/>\n<script type=\"application\/ld+json\" class=\"yoast-schema-graph\">{\"@context\":\"https:\/\/schema.org\",\"@graph\":[{\"@type\":\"WebPage\",\"@id\":\"https:\/\/www.gestgid.com\/fr\/in-drei-schritten-zu-ihrer-eigenen-app\/\",\"url\":\"https:\/\/www.gestgid.com\/fr\/in-drei-schritten-zu-ihrer-eigenen-app\/\",\"name\":\"In drei Schritten zur eigenen App - gestgid\",\"isPartOf\":{\"@id\":\"https:\/\/www.gestgid.com\/#website\"},\"datePublished\":\"2019-01-03T12:42:07+00:00\",\"dateModified\":\"2019-04-12T21:56:27+00:00\",\"breadcrumb\":{\"@id\":\"https:\/\/www.gestgid.com\/fr\/in-drei-schritten-zu-ihrer-eigenen-app\/#breadcrumb\"},\"inLanguage\":\"fr-FR\",\"potentialAction\":[{\"@type\":\"ReadAction\",\"target\":[\"https:\/\/www.gestgid.com\/fr\/in-drei-schritten-zu-ihrer-eigenen-app\/\"]}]},{\"@type\":\"BreadcrumbList\",\"@id\":\"https:\/\/www.gestgid.com\/fr\/in-drei-schritten-zu-ihrer-eigenen-app\/#breadcrumb\",\"itemListElement\":[{\"@type\":\"ListItem\",\"position\":1,\"name\":\"Startseite\",\"item\":\"https:\/\/www.gestgid.com\/fr\/\"},{\"@type\":\"ListItem\",\"position\":2,\"name\":\"In drei Schritten zur eigenen App\"}]},{\"@type\":\"WebSite\",\"@id\":\"https:\/\/www.gestgid.com\/#website\",\"url\":\"https:\/\/www.gestgid.com\/\",\"name\":\"gestgid\",\"description\":\"GESTGID\",\"publisher\":{\"@id\":\"https:\/\/www.gestgid.com\/#organization\"},\"potentialAction\":[{\"@type\":\"SearchAction\",\"target\":{\"@type\":\"EntryPoint\",\"urlTemplate\":\"https:\/\/www.gestgid.com\/?s={search_term_string}\"},\"query-input\":\"required name=search_term_string\"}],\"inLanguage\":\"fr-FR\"},{\"@type\":\"Organization\",\"@id\":\"https:\/\/www.gestgid.com\/#organization\",\"name\":\"gestgid\",\"url\":\"https:\/\/www.gestgid.com\/\",\"logo\":{\"@type\":\"ImageObject\",\"inLanguage\":\"fr-FR\",\"@id\":\"https:\/\/www.gestgid.com\/#\/schema\/logo\/image\/\",\"url\":\"https:\/\/www.gestgid.com\/wp-content\/uploads\/sites\/3\/2019\/01\/Version-2_ICON_White_48px.png\",\"contentUrl\":\"https:\/\/www.gestgid.com\/wp-content\/uploads\/sites\/3\/2019\/01\/Version-2_ICON_White_48px.png\",\"width\":58,\"height\":48,\"caption\":\"gestgid\"},\"image\":{\"@id\":\"https:\/\/www.gestgid.com\/#\/schema\/logo\/image\/\"}}]}<\/script>\n<!-- \/ Yoast SEO plugin. -->","yoast_head_json":{"title":"In drei Schritten zur eigenen App - gestgid","robots":{"index":"index","follow":"follow","max-snippet":"max-snippet:-1","max-image-preview":"max-image-preview:large","max-video-preview":"max-video-preview:-1"},"canonical":"https:\/\/www.gestgid.com\/fr\/in-drei-schritten-zu-ihrer-eigenen-app\/","og_locale":"fr_FR","og_type":"article","og_title":"In drei Schritten zur eigenen App - gestgid","og_description":"3 ETAPES POUR CREER VOTRE PROPRE APP commencez d\u00e8s \u00e0 pr\u00e9sent CREEZ VOTRE APPLICATION CONFIGURATION Cliquez sur \u00ab\u00a0CREEZ VOTRE APPLICATION\u00a0\u00bb et enregistrez votre \u00e9tablissement. Dans l&rsquo;administration en ligne, vous pouvez facilement int\u00e9grer tout le contenu dans votre application, t\u00e9l\u00e9charger des photos, envoyer des notifications push et d\u00e9finir des param\u00e8tres d&rsquo;expert. Quatre fonctions de base vous &hellip; In drei Schritten zur eigenen App Lire la suite\u00a0\u00bb","og_url":"https:\/\/www.gestgid.com\/fr\/in-drei-schritten-zu-ihrer-eigenen-app\/","og_site_name":"gestgid","article_modified_time":"2019-04-12T21:56:27+00:00","og_image":[{"url":"https:\/\/www.gestgid.com\/wp-content\/uploads\/sites\/3\/2019\/01\/BHMMS-Hotel-Guide-Konfiguration-300x239.png"}],"twitter_card":"summary_large_image","twitter_misc":{"Dur\u00e9e de lecture estim\u00e9e":"2 minutes"},"schema":{"@context":"https:\/\/schema.org","@graph":[{"@type":"WebPage","@id":"https:\/\/www.gestgid.com\/fr\/in-drei-schritten-zu-ihrer-eigenen-app\/","url":"https:\/\/www.gestgid.com\/fr\/in-drei-schritten-zu-ihrer-eigenen-app\/","name":"In drei Schritten zur eigenen App - gestgid","isPartOf":{"@id":"https:\/\/www.gestgid.com\/#website"},"datePublished":"2019-01-03T12:42:07+00:00","dateModified":"2019-04-12T21:56:27+00:00","breadcrumb":{"@id":"https:\/\/www.gestgid.com\/fr\/in-drei-schritten-zu-ihrer-eigenen-app\/#breadcrumb"},"inLanguage":"fr-FR","potentialAction":[{"@type":"ReadAction","target":["https:\/\/www.gestgid.com\/fr\/in-drei-schritten-zu-ihrer-eigenen-app\/"]}]},{"@type":"BreadcrumbList","@id":"https:\/\/www.gestgid.com\/fr\/in-drei-schritten-zu-ihrer-eigenen-app\/#breadcrumb","itemListElement":[{"@type":"ListItem","position":1,"name":"Startseite","item":"https:\/\/www.gestgid.com\/fr\/"},{"@type":"ListItem","position":2,"name":"In drei Schritten zur eigenen App"}]},{"@type":"WebSite","@id":"https:\/\/www.gestgid.com\/#website","url":"https:\/\/www.gestgid.com\/","name":"gestgid","description":"GESTGID","publisher":{"@id":"https:\/\/www.gestgid.com\/#organization"},"potentialAction":[{"@type":"SearchAction","target":{"@type":"EntryPoint","urlTemplate":"https:\/\/www.gestgid.com\/?s={search_term_string}"},"query-input":"required name=search_term_string"}],"inLanguage":"fr-FR"},{"@type":"Organization","@id":"https:\/\/www.gestgid.com\/#organization","name":"gestgid","url":"https:\/\/www.gestgid.com\/","logo":{"@type":"ImageObject","inLanguage":"fr-FR","@id":"https:\/\/www.gestgid.com\/#\/schema\/logo\/image\/","url":"https:\/\/www.gestgid.com\/wp-content\/uploads\/sites\/3\/2019\/01\/Version-2_ICON_White_48px.png","contentUrl":"https:\/\/www.gestgid.com\/wp-content\/uploads\/sites\/3\/2019\/01\/Version-2_ICON_White_48px.png","width":58,"height":48,"caption":"gestgid"},"image":{"@id":"https:\/\/www.gestgid.com\/#\/schema\/logo\/image\/"}}]}},"_links":{"self":[{"href":"https:\/\/www.gestgid.com\/fr\/wp-json\/wp\/v2\/pages\/3184"}],"collection":[{"href":"https:\/\/www.gestgid.com\/fr\/wp-json\/wp\/v2\/pages"}],"about":[{"href":"https:\/\/www.gestgid.com\/fr\/wp-json\/wp\/v2\/types\/page"}],"author":[{"embeddable":true,"href":"https:\/\/www.gestgid.com\/fr\/wp-json\/wp\/v2\/users\/2"}],"replies":[{"embeddable":true,"href":"https:\/\/www.gestgid.com\/fr\/wp-json\/wp\/v2\/comments?post=3184"}],"version-history":[{"count":10,"href":"https:\/\/www.gestgid.com\/fr\/wp-json\/wp\/v2\/pages\/3184\/revisions"}],"predecessor-version":[{"id":3476,"href":"https:\/\/www.gestgid.com\/fr\/wp-json\/wp\/v2\/pages\/3184\/revisions\/3476"}],"wp:attachment":[{"href":"https:\/\/www.gestgid.com\/fr\/wp-json\/wp\/v2\/media?parent=3184"}],"curies":[{"name":"wp","href":"https:\/\/api.w.org\/{rel}","templated":true}]}}